{"id":2655,"date":"2018-02-13T14:41:56","date_gmt":"2018-02-13T14:41:56","guid":{"rendered":"http:\/\/demo.denta.cmsmasters.net\/?page_id=2655"},"modified":"2025-03-17T16:25:37","modified_gmt":"2025-03-17T15:25:37","slug":"sluzby","status":"publish","type":"page","link":"https:\/\/www.zandentalcare.sk\/?page_id=2655","title":{"rendered":"Slu\u017eby"},"content":{"rendered":"<div id=\"cmsmasters_row_qu32gaar5n\" class=\"cmsmasters_row cmsmasters_color_scheme_default cmsmasters_row_top_default cmsmasters_row_bot_default cmsmasters_row_boxed\">\n<div class=\"cmsmasters_row_outer_parent\">\n<div class=\"cmsmasters_row_outer\">\n<div class=\"cmsmasters_row_inner\">\n<div class=\"cmsmasters_row_margin\">\n<div id=\"cmsmasters_column_qi4i26bh1m\" class=\"cmsmasters_column one_first\">\n<div class=\"cmsmasters_column_inner\"><div id=\"cmsmasters_heading_yz2o90iqdc\" class=\"cmsmasters_heading_wrap cmsmasters_heading_align_center\">\n\t<h2 class=\"cmsmasters_heading\">Na\u0161e slu\u017eby<\/h2>\n<\/div><div id=\"cmsmasters_heading_okdc8763pq\" class=\"cmsmasters_heading_wrap cmsmasters_heading_align_center\">\n\t<h4 class=\"cmsmasters_heading\">Zabezpe\u010dujeme kompletn\u00fa starostlivos\u0165 o V\u00e1\u0161 chrup<\/h4>\n<\/div>\n<div id=\"portfolio_a0l5ririms\" class=\"cmsmasters_wrap_portfolio entry-summary\" data-layout=\"grid\" data-layout-mode=\"perfect\" data-url=\"https:\/\/www.zandentalcare.sk\/wp-content\/plugins\/cmsmasters-content-composer\/\" data-orderby=\"date\" data-order=\"DESC\" data-count=\"6\" data-categories=\"\" data-metadata=\"title,rollover\"><div class=\"portfolio grid large_gap perfect cmsmasters_3\"><!-- Start Service Grid Article -->\r\n<article id=\"post-2906\" class=\"cmsmasters_project_grid post-2906 project type-project status-publish format-standard has-post-thumbnail hentry pj-categs-services\" data-category=\"services\">\r\n\t<div class=\"project_outer\">\r\n\t<div class=\"cmsmasters_project_images_wrap\"><figure class=\"cmsmasters_img_rollover_wrap preloader\"><img loading=\"lazy\" decoding=\"async\" width=\"580\" height=\"410\" src=\"https:\/\/www.zandentalcare.sk\/wp-content\/uploads\/2025\/03\/0c7e843a-954a-4e80-b193-092d1c94d37f-580x410.jpg\" class=\"full-width wp-post-image\" alt=\"Estetick\u00e1 stomatol\u00f3gia\" title=\"0c7e843a-954a-4e80-b193-092d1c94d37f\" srcset=\"https:\/\/www.zandentalcare.sk\/wp-content\/uploads\/2025\/03\/0c7e843a-954a-4e80-b193-092d1c94d37f-580x410.jpg 580w, https:\/\/www.zandentalcare.sk\/wp-content\/uploads\/2025\/03\/0c7e843a-954a-4e80-b193-092d1c94d37f-1160x820.jpg 1160w\" sizes=\"auto, (max-width: 580px) 100vw, 580px\" \/><div class=\"cmsmasters_img_rollover\"><a href=\"https:\/\/www.zandentalcare.sk\/?project=esteticka-stomatologia\" title=\"Estetick\u00e1 stomatol\u00f3gia\" class=\"cmsmasters_open_post_link button\">Read more<\/a><\/div><\/figure><\/div><div class=\"project_inner\"><header class=\"cmsmasters_project_header entry-header\"><h3 class=\"cmsmasters_project_title entry-title\"><a href=\"https:\/\/www.zandentalcare.sk\/?project=esteticka-stomatologia\">Estetick\u00e1 stomatol\u00f3gia<\/a><\/h3><\/header><\/div><span class=\"dn meta-date\">20250304214019<\/span>\t<\/div>\r\n<\/article>\r\n<!-- Finish Service Grid Article -->\r\n\r\n<!-- Start Service Grid Article -->\r\n<article id=\"post-2904\" class=\"cmsmasters_project_grid post-2904 project type-project status-publish format-standard has-post-thumbnail hentry pj-categs-services\" data-category=\"services\">\r\n\t<div class=\"project_outer\">\r\n\t<div class=\"cmsmasters_project_images_wrap\"><figure class=\"cmsmasters_img_rollover_wrap preloader\"><img loading=\"lazy\" decoding=\"async\" width=\"580\" height=\"410\" src=\"https:\/\/www.zandentalcare.sk\/wp-content\/uploads\/2025\/03\/655f945b-8a68-4e9b-87e7-3daf95a426da-580x410.jpg\" class=\"full-width wp-post-image\" alt=\"Chirurgick\u00e1 stomatol\u00f3gia\" title=\"655f945b-8a68-4e9b-87e7-3daf95a426da\" \/><div class=\"cmsmasters_img_rollover\"><a href=\"https:\/\/www.zandentalcare.sk\/?project=chirurgicka-stomatologia\" title=\"Chirurgick\u00e1 stomatol\u00f3gia\" class=\"cmsmasters_open_post_link button\">Read more<\/a><\/div><\/figure><\/div><div class=\"project_inner\"><header class=\"cmsmasters_project_header entry-header\"><h3 class=\"cmsmasters_project_title entry-title\"><a href=\"https:\/\/www.zandentalcare.sk\/?project=chirurgicka-stomatologia\">Chirurgick\u00e1 stomatol\u00f3gia<\/a><\/h3><\/header><\/div><span class=\"dn meta-date\">20250304213911<\/span>\t<\/div>\r\n<\/article>\r\n<!-- Finish Service Grid Article -->\r\n\r\n<!-- Start Service Grid Article -->\r\n<article id=\"post-2902\" class=\"cmsmasters_project_grid post-2902 project type-project status-publish format-standard has-post-thumbnail hentry pj-categs-services\" data-category=\"services\">\r\n\t<div class=\"project_outer\">\r\n\t<div class=\"cmsmasters_project_images_wrap\"><figure class=\"cmsmasters_img_rollover_wrap preloader\"><img loading=\"lazy\" decoding=\"async\" width=\"580\" height=\"410\" src=\"https:\/\/www.zandentalcare.sk\/wp-content\/uploads\/2025\/03\/3105b5a5-1686-4bf7-87c9-786057d12b5e-580x410.jpg\" class=\"full-width wp-post-image\" alt=\"Protetick\u00e1 stomatol\u00f3gia\" title=\"3105b5a5-1686-4bf7-87c9-786057d12b5e\" srcset=\"https:\/\/www.zandentalcare.sk\/wp-content\/uploads\/2025\/03\/3105b5a5-1686-4bf7-87c9-786057d12b5e-580x410.jpg 580w, https:\/\/www.zandentalcare.sk\/wp-content\/uploads\/2025\/03\/3105b5a5-1686-4bf7-87c9-786057d12b5e-1160x820.jpg 1160w\" sizes=\"auto, (max-width: 580px) 100vw, 580px\" \/><div class=\"cmsmasters_img_rollover\"><a href=\"https:\/\/www.zandentalcare.sk\/?project=proteticka-stomatologia\" title=\"Protetick\u00e1 stomatol\u00f3gia\" class=\"cmsmasters_open_post_link button\">Read more<\/a><\/div><\/figure><\/div><div class=\"project_inner\"><header class=\"cmsmasters_project_header entry-header\"><h3 class=\"cmsmasters_project_title entry-title\"><a href=\"https:\/\/www.zandentalcare.sk\/?project=proteticka-stomatologia\">Protetick\u00e1 stomatol\u00f3gia<\/a><\/h3><\/header><\/div><span class=\"dn meta-date\">20250304213750<\/span>\t<\/div>\r\n<\/article>\r\n<!-- Finish Service Grid Article -->\r\n\r\n<!-- Start Service Grid Article -->\r\n<article id=\"post-2900\" class=\"cmsmasters_project_grid post-2900 project type-project status-publish format-standard has-post-thumbnail hentry pj-categs-services\" data-category=\"services\">\r\n\t<div class=\"project_outer\">\r\n\t<div class=\"cmsmasters_project_images_wrap\"><figure class=\"cmsmasters_img_rollover_wrap preloader\"><img loading=\"lazy\" decoding=\"async\" width=\"580\" height=\"410\" src=\"https:\/\/www.zandentalcare.sk\/wp-content\/uploads\/2025\/03\/e6035a94-7334-493d-9cdd-06c130b42fe9-580x410.jpg\" class=\"full-width wp-post-image\" alt=\"Konzervat\u00edvna stomatol\u00f3gia\" title=\"e6035a94-7334-493d-9cdd-06c130b42fe9\" \/><div class=\"cmsmasters_img_rollover\"><a href=\"https:\/\/www.zandentalcare.sk\/?project=konzervativna-stomatologia\" title=\"Konzervat\u00edvna stomatol\u00f3gia\" class=\"cmsmasters_open_post_link button\">Read more<\/a><\/div><\/figure><\/div><div class=\"project_inner\"><header class=\"cmsmasters_project_header entry-header\"><h3 class=\"cmsmasters_project_title entry-title\"><a href=\"https:\/\/www.zandentalcare.sk\/?project=konzervativna-stomatologia\">Konzervat\u00edvna stomatol\u00f3gia<\/a><\/h3><\/header><\/div><span class=\"dn meta-date\">20250304213557<\/span>\t<\/div>\r\n<\/article>\r\n<!-- Finish Service Grid Article -->\r\n\r\n<!-- Start Service Grid Article -->\r\n<article id=\"post-2898\" class=\"cmsmasters_project_grid post-2898 project type-project status-publish format-standard has-post-thumbnail hentry pj-categs-services\" data-category=\"services\">\r\n\t<div class=\"project_outer\">\r\n\t<div class=\"cmsmasters_project_images_wrap\"><figure class=\"cmsmasters_img_rollover_wrap preloader\"><img loading=\"lazy\" decoding=\"async\" width=\"580\" height=\"410\" src=\"https:\/\/www.zandentalcare.sk\/wp-content\/uploads\/2025\/03\/IMG_2104-580x410.jpeg\" class=\"full-width wp-post-image\" alt=\"Prevent\u00edvna starostlivos\u0165 a RTG diagnostika\" title=\"IMG_2104\" srcset=\"https:\/\/www.zandentalcare.sk\/wp-content\/uploads\/2025\/03\/IMG_2104-580x410.jpeg 580w, https:\/\/www.zandentalcare.sk\/wp-content\/uploads\/2025\/03\/IMG_2104-1160x820.jpeg 1160w\" sizes=\"auto, (max-width: 580px) 100vw, 580px\" \/><div class=\"cmsmasters_img_rollover\"><a href=\"https:\/\/www.zandentalcare.sk\/?project=preventivna-starostlivost-a-rtg-diagnostika\" title=\"Prevent\u00edvna starostlivos\u0165 a RTG diagnostika\" class=\"cmsmasters_open_post_link button\">Read more<\/a><\/div><\/figure><\/div><div class=\"project_inner\"><header class=\"cmsmasters_project_header entry-header\"><h3 class=\"cmsmasters_project_title entry-title\"><a href=\"https:\/\/www.zandentalcare.sk\/?project=preventivna-starostlivost-a-rtg-diagnostika\">Prevent\u00edvna starostlivos\u0165 a RTG diagnostika<\/a><\/h3><\/header><\/div><span class=\"dn meta-date\">20250304213313<\/span>\t<\/div>\r\n<\/article>\r\n<!-- Finish Service Grid Article -->\r\n\r\n<\/div><\/div>\n<\/div><\/div>\n<\/div>\n<\/div>\n<\/div>\n<\/div>\n<\/div>\n\n","protected":false},"excerpt":{"rendered":"","protected":false},"author":1,"featured_media":0,"parent":0,"menu_order":0,"comment_status":"closed","ping_status":"closed","template":"","meta":{"_monsterinsights_skip_tracking":false,"_monsterinsights_sitenote_active":false,"_monsterinsights_sitenote_note":"","_monsterinsights_sitenote_category":0,"footnotes":""},"class_list":["post-2655","page","type-page","status-publish","hentry"],"yoast_head":"<!-- This site is optimized with the Yoast SEO plugin v24.4 - https:\/\/yoast.com\/wordpress\/plugins\/seo\/ -->\n<title>Slu\u017eby - Zandentalcare<\/title>\n<meta name=\"description\" content=\"Na\u0161e slu\u017eby - estetick\u00e1 stomatol\u00f3gia, z\u00e1chovn\u00e1 stomatol\u00f3gia, protetika, chirurgia, prevent\u00edvna starostlivos\u0165, RTG\" \/>\n<meta name=\"robots\" content=\"index, follow, max-snippet:-1, max-image-preview:large, max-video-preview:-1\" \/>\n<link rel=\"canonical\" href=\"https:\/\/www.zandentalcare.sk\/?page_id=2655\" \/>\n<meta property=\"og:locale\" content=\"sk_SK\" \/>\n<meta property=\"og:type\" content=\"article\" \/>\n<meta property=\"og:title\" content=\"Slu\u017eby - Zandentalcare\" \/>\n<meta property=\"og:description\" content=\"Na\u0161e slu\u017eby - estetick\u00e1 stomatol\u00f3gia, z\u00e1chovn\u00e1 stomatol\u00f3gia, protetika, chirurgia, prevent\u00edvna starostlivos\u0165, RTG\" \/>\n<meta property=\"og:url\" content=\"https:\/\/www.zandentalcare.sk\/?page_id=2655\" \/>\n<meta property=\"og:site_name\" content=\"Zandentalcare\" \/>\n<meta property=\"article:modified_time\" content=\"2025-03-17T15:25:37+00:00\" \/>\n<meta name=\"twitter:card\" content=\"summary_large_image\" \/>\n<meta name=\"twitter:label1\" content=\"Predpokladan\u00fd \u010das \u010d\u00edtania\" \/>\n\t<meta name=\"twitter:data1\" content=\"1 min\u00fata\" \/>\n<script type=\"application\/ld+json\" class=\"yoast-schema-graph\">{\"@context\":\"https:\/\/schema.org\",\"@graph\":[{\"@type\":\"WebPage\",\"@id\":\"https:\/\/www.zandentalcare.sk\/?page_id=2655\",\"url\":\"https:\/\/www.zandentalcare.sk\/?page_id=2655\",\"name\":\"Slu\u017eby - Zandentalcare\",\"isPartOf\":{\"@id\":\"https:\/\/www.zandentalcare.sk\/#website\"},\"datePublished\":\"2018-02-13T14:41:56+00:00\",\"dateModified\":\"2025-03-17T15:25:37+00:00\",\"description\":\"Na\u0161e slu\u017eby - estetick\u00e1 stomatol\u00f3gia, z\u00e1chovn\u00e1 stomatol\u00f3gia, protetika, chirurgia, prevent\u00edvna starostlivos\u0165, RTG\",\"breadcrumb\":{\"@id\":\"https:\/\/www.zandentalcare.sk\/?page_id=2655#breadcrumb\"},\"inLanguage\":\"sk-SK\",\"potentialAction\":[{\"@type\":\"ReadAction\",\"target\":[\"https:\/\/www.zandentalcare.sk\/?page_id=2655\"]}]},{\"@type\":\"BreadcrumbList\",\"@id\":\"https:\/\/www.zandentalcare.sk\/?page_id=2655#breadcrumb\",\"itemListElement\":[{\"@type\":\"ListItem\",\"position\":1,\"name\":\"Home\",\"item\":\"https:\/\/www.zandentalcare.sk\/\"},{\"@type\":\"ListItem\",\"position\":2,\"name\":\"Slu\u017eby\"}]},{\"@type\":\"WebSite\",\"@id\":\"https:\/\/www.zandentalcare.sk\/#website\",\"url\":\"https:\/\/www.zandentalcare.sk\/\",\"name\":\"Zandentalcare\",\"description\":\"\",\"potentialAction\":[{\"@type\":\"SearchAction\",\"target\":{\"@type\":\"EntryPoint\",\"urlTemplate\":\"https:\/\/www.zandentalcare.sk\/?s={search_term_string}\"},\"query-input\":{\"@type\":\"PropertyValueSpecification\",\"valueRequired\":true,\"valueName\":\"search_term_string\"}}],\"inLanguage\":\"sk-SK\"}]}<\/script>\n<!-- \/ Yoast SEO plugin. -->","yoast_head_json":{"title":"Slu\u017eby - Zandentalcare","description":"Na\u0161e slu\u017eby - estetick\u00e1 stomatol\u00f3gia, z\u00e1chovn\u00e1 stomatol\u00f3gia, protetika, chirurgia, prevent\u00edvna starostlivos\u0165, RTG","robots":{"index":"index","follow":"follow","max-snippet":"max-snippet:-1","max-image-preview":"max-image-preview:large","max-video-preview":"max-video-preview:-1"},"canonical":"https:\/\/www.zandentalcare.sk\/?page_id=2655","og_locale":"sk_SK","og_type":"article","og_title":"Slu\u017eby - Zandentalcare","og_description":"Na\u0161e slu\u017eby - estetick\u00e1 stomatol\u00f3gia, z\u00e1chovn\u00e1 stomatol\u00f3gia, protetika, chirurgia, prevent\u00edvna starostlivos\u0165, RTG","og_url":"https:\/\/www.zandentalcare.sk\/?page_id=2655","og_site_name":"Zandentalcare","article_modified_time":"2025-03-17T15:25:37+00:00","twitter_card":"summary_large_image","twitter_misc":{"Predpokladan\u00fd \u010das \u010d\u00edtania":"1 min\u00fata"},"schema":{"@context":"https:\/\/schema.org","@graph":[{"@type":"WebPage","@id":"https:\/\/www.zandentalcare.sk\/?page_id=2655","url":"https:\/\/www.zandentalcare.sk\/?page_id=2655","name":"Slu\u017eby - Zandentalcare","isPartOf":{"@id":"https:\/\/www.zandentalcare.sk\/#website"},"datePublished":"2018-02-13T14:41:56+00:00","dateModified":"2025-03-17T15:25:37+00:00","description":"Na\u0161e slu\u017eby - estetick\u00e1 stomatol\u00f3gia, z\u00e1chovn\u00e1 stomatol\u00f3gia, protetika, chirurgia, prevent\u00edvna starostlivos\u0165, RTG","breadcrumb":{"@id":"https:\/\/www.zandentalcare.sk\/?page_id=2655#breadcrumb"},"inLanguage":"sk-SK","potentialAction":[{"@type":"ReadAction","target":["https:\/\/www.zandentalcare.sk\/?page_id=2655"]}]},{"@type":"BreadcrumbList","@id":"https:\/\/www.zandentalcare.sk\/?page_id=2655#breadcrumb","itemListElement":[{"@type":"ListItem","position":1,"name":"Home","item":"https:\/\/www.zandentalcare.sk\/"},{"@type":"ListItem","position":2,"name":"Slu\u017eby"}]},{"@type":"WebSite","@id":"https:\/\/www.zandentalcare.sk\/#website","url":"https:\/\/www.zandentalcare.sk\/","name":"Zandentalcare","description":"","potentialAction":[{"@type":"SearchAction","target":{"@type":"EntryPoint","urlTemplate":"https:\/\/www.zandentalcare.sk\/?s={search_term_string}"},"query-input":{"@type":"PropertyValueSpecification","valueRequired":true,"valueName":"search_term_string"}}],"inLanguage":"sk-SK"}]}},"_links":{"self":[{"href":"https:\/\/www.zandentalcare.sk\/index.php?rest_route=\/wp\/v2\/pages\/2655","targetHints":{"allow":["GET"]}}],"collection":[{"href":"https:\/\/www.zandentalcare.sk\/index.php?rest_route=\/wp\/v2\/pages"}],"about":[{"href":"https:\/\/www.zandentalcare.sk\/index.php?rest_route=\/wp\/v2\/types\/page"}],"author":[{"embeddable":true,"href":"https:\/\/www.zandentalcare.sk\/index.php?rest_route=\/wp\/v2\/users\/1"}],"replies":[{"embeddable":true,"href":"https:\/\/www.zandentalcare.sk\/index.php?rest_route=%2Fwp%2Fv2%2Fcomments&post=2655"}],"version-history":[{"count":5,"href":"https:\/\/www.zandentalcare.sk\/index.php?rest_route=\/wp\/v2\/pages\/2655\/revisions"}],"predecessor-version":[{"id":2844,"href":"https:\/\/www.zandentalcare.sk\/index.php?rest_route=\/wp\/v2\/pages\/2655\/revisions\/2844"}],"wp:attachment":[{"href":"https:\/\/www.zandentalcare.sk\/index.php?rest_route=%2Fwp%2Fv2%2Fmedia&parent=2655"}],"curies":[{"name":"wp","href":"https:\/\/api.w.org\/{rel}","templated":true}]}}