{"id":1033,"date":"2017-08-28T09:06:20","date_gmt":"2017-08-28T09:06:20","guid":{"rendered":"http:\/\/denta.cmsmasters.net\/?page_id=1033"},"modified":"2025-03-16T16:07:20","modified_gmt":"2025-03-16T15:07:20","slug":"make-appointments","status":"publish","type":"page","link":"https:\/\/www.zandentalcare.sk\/?page_id=1033","title":{"rendered":"Make appointments"},"content":{"rendered":"<div id=\"cmsmasters_row_br7wtri5rh\" class=\"cmsmasters_row cmsmasters_color_scheme_default cmsmasters_row_top_default cmsmasters_row_bot_default cmsmasters_row_boxed\">\n<div class=\"cmsmasters_row_outer_parent\">\n<div class=\"cmsmasters_row_outer\">\n<div class=\"cmsmasters_row_inner\">\n<div class=\"cmsmasters_row_margin\">\n<div id=\"cmsmasters_column_a0h0veyrhj\" class=\"cmsmasters_column one_first\">\n<div class=\"cmsmasters_column_inner\"><div id=\"cmsmasters_divider_hi8kffpwmr\" class=\"cmsmasters_divider cmsmasters_divider_width_long cmsmasters_divider_pos_center\"><\/div>\n<\/div><\/div>\n<div id=\"cmsmasters_column_inj6uwe92\" class=\"cmsmasters_column one_first\">\n<div class=\"cmsmasters_column_inner\"><\/div><\/div>\n<\/div>\n<\/div>\n<\/div>\n<\/div>\n<\/div>\n<div id=\"cmsmasters_row_n6ph5bdbs\" class=\"cmsmasters_row cmsmasters_color_scheme_default cmsmasters_row_top_default cmsmasters_row_bot_default cmsmasters_row_boxed\">\n<div class=\"cmsmasters_row_outer_parent\">\n<div class=\"cmsmasters_row_outer\">\n<div class=\"cmsmasters_row_inner\">\n<div class=\"cmsmasters_row_margin\">\n<div id=\"cmsmasters_column_sadnev7405\" class=\"cmsmasters_column one_first\">\n<div class=\"cmsmasters_column_inner\"><div id=\"cmsmasters_heading_zcoi70omj\" class=\"cmsmasters_heading_wrap cmsmasters_heading_align_left\">\n\t<h2 class=\"cmsmasters_heading\">Kontaktn\u00fd formul\u00e1r<\/h2>\n<\/div>\n<div class=\"cmsmasters_contact_form\"><div class=\"wpforms-container wpforms-container-full wpforms-render-modern\" id=\"wpforms-2944\"><form id=\"wpforms-form-2944\" class=\"wpforms-validate wpforms-form wpforms-ajax-form\" data-formid=\"2944\" method=\"post\" enctype=\"multipart\/form-data\" action=\"\/index.php?rest_route=%2Fwp%2Fv2%2Fpages%2F1033\" data-token=\"5350b7f56b59093c43a915e70f26b87e\" data-token-time=\"1777395429\"><noscript class=\"wpforms-error-noscript\">Please enable JavaScript in your browser to complete this form.<\/noscript><div class=\"wpforms-hidden\" id=\"wpforms-error-noscript\">Please enable JavaScript in your browser to complete this form.<\/div><div class=\"wpforms-field-container\"><div id=\"wpforms-2944-field_1-container\" class=\"wpforms-field wpforms-field-name\" data-field-id=\"1\"><fieldset><legend class=\"wpforms-field-label\">Meno a priezvisko <span class=\"wpforms-required-label\" aria-hidden=\"true\">*<\/span><\/legend><div class=\"wpforms-field-row wpforms-field-medium\"><div class=\"wpforms-field-row-block wpforms-first wpforms-one-half\"><input type=\"text\" id=\"wpforms-2944-field_1\" class=\"wpforms-field-name-first wpforms-field-required\" name=\"wpforms[fields][1][first]\" placeholder=\"Meno\" aria-errormessage=\"wpforms-2944-field_1-error\" required><label for=\"wpforms-2944-field_1\" class=\"wpforms-field-sublabel after wpforms-sublabel-hide\">First<\/label><\/div><div class=\"wpforms-field-row-block wpforms-one-half\"><input type=\"text\" id=\"wpforms-2944-field_1-last\" class=\"wpforms-field-name-last wpforms-field-required\" name=\"wpforms[fields][1][last]\" placeholder=\"Priezvisko\" aria-errormessage=\"wpforms-2944-field_1-last-error\" required><label for=\"wpforms-2944-field_1-last\" class=\"wpforms-field-sublabel after wpforms-sublabel-hide\">Last<\/label><\/div><\/div><\/fieldset><\/div><div id=\"wpforms-2944-field_2-container\" class=\"wpforms-field wpforms-field-email\" data-field-id=\"2\"><label class=\"wpforms-field-label\" for=\"wpforms-2944-field_2\">Email <span class=\"wpforms-required-label\" aria-hidden=\"true\">*<\/span><\/label><input type=\"email\" id=\"wpforms-2944-field_2\" class=\"wpforms-field-medium wpforms-field-required\" name=\"wpforms[fields][2]\" spellcheck=\"false\" aria-errormessage=\"wpforms-2944-field_2-error\" required><\/div><div id=\"wpforms-2944-field_4-container\" class=\"wpforms-field wpforms-field-text\" data-field-id=\"4\"><label class=\"wpforms-field-label\" for=\"wpforms-2944-field_4\">Telef\u00f3n <span class=\"wpforms-required-label\" aria-hidden=\"true\">*<\/span><\/label><input type=\"text\" id=\"wpforms-2944-field_4\" class=\"wpforms-field-medium wpforms-field-required\" name=\"wpforms[fields][4]\" aria-errormessage=\"wpforms-2944-field_4-error\" required><\/div><div id=\"wpforms-2944-field_3-container\" class=\"wpforms-field wpforms-field-textarea\" data-field-id=\"3\"><label class=\"wpforms-field-label\" for=\"wpforms-2944-field_3\">Spr\u00e1va<\/label><textarea id=\"wpforms-2944-field_3\" class=\"wpforms-field-medium\" name=\"wpforms[fields][3]\" aria-errormessage=\"wpforms-2944-field_3-error\" ><\/textarea><\/div><\/div><!-- .wpforms-field-container --><div class=\"wpforms-submit-container\" ><input type=\"hidden\" name=\"wpforms[id]\" value=\"2944\"><input type=\"hidden\" name=\"page_title\" value=\"\"><input type=\"hidden\" name=\"page_url\" value=\"https:\/\/www.zandentalcare.sk\/index.php?rest_route=\/wp\/v2\/pages\/1033\"><input type=\"hidden\" name=\"url_referer\" value=\"\"><button type=\"submit\" name=\"wpforms[submit]\" id=\"wpforms-submit-2944\" class=\"wpforms-submit\" data-alt-text=\"Odosielam ...\" data-submit-text=\"Odosla\u0165\" aria-live=\"assertive\" value=\"wpforms-submit\">Odosla\u0165<\/button><img loading=\"lazy\" decoding=\"async\" src=\"https:\/\/www.zandentalcare.sk\/wp-content\/plugins\/wpforms-lite\/assets\/images\/submit-spin.svg\" class=\"wpforms-submit-spinner\" style=\"display: none;\" width=\"26\" height=\"26\" alt=\"Loading\"><\/div><\/form><\/div>  <!-- .wpforms-container --><\/div>\n<\/div><\/div>\n<\/div>\n<\/div>\n<\/div>\n<\/div>\n<\/div>\n<div id=\"cmsmasters_row_w10x9lpksq\" class=\"cmsmasters_row cmsmasters_color_scheme_default cmsmasters_row_top_default cmsmasters_row_bot_default cmsmasters_row_boxed\">\n<div class=\"cmsmasters_row_outer_parent\">\n<div class=\"cmsmasters_row_outer\">\n<div class=\"cmsmasters_row_inner\">\n<div class=\"cmsmasters_row_margin\">\n<div id=\"cmsmasters_column_ma2jccf0o\" class=\"cmsmasters_column one_first\">\n<div class=\"cmsmasters_column_inner\"><div id=\"cmsmasters_heading_ljbudxqazk\" class=\"cmsmasters_heading_wrap cmsmasters_heading_align_left\">\n\t<h2 class=\"cmsmasters_heading\">Kde n\u00e1s n\u00e1jdete ?<\/h2>\n<\/div><div class=\"resizable_block\">\n<div id=\"google_map_q709aa2s2c\" class=\"cmsmasters_google_map google_map\" data-address=\"\" data-maptype=\"ROADMAP\" data-zoom=\"14\" data-scrollwheel=\"true\" data-doubleclickzoom=\"true\" data-pan-control=\"true\" data-zoom-control=\"true\" data-map-type-control=\"true\" data-scale-control=\"true\" data-street-view-control=\"true\" data-overview-map-control=\"true\" data-markers=\"address: nemocnica modra\/\/\/|||\"><\/div>\n<\/div>\n<\/div><\/div>\n<\/div>\n<\/div>\n<\/div>\n<\/div>\n<\/div>\n<div id=\"cmsmasters_row_3rrpbxs25n\" class=\"cmsmasters_row cmsmasters_color_scheme_default cmsmasters_row_top_default cmsmasters_row_bot_default cmsmasters_row_boxed\">\n<div class=\"cmsmasters_row_outer_parent\">\n<div class=\"cmsmasters_row_outer\">\n<div class=\"cmsmasters_row_inner\">\n<div class=\"cmsmasters_row_margin\">\n<div id=\"cmsmasters_column_wlfug53tu6\" class=\"cmsmasters_column one_fourth\">\n<div class=\"cmsmasters_column_inner\"><div id=\"cmsmasters_heading_6zq205poq\" class=\"cmsmasters_heading_wrap cmsmasters_heading_align_left\">\n\t<h2 class=\"cmsmasters_heading\">Email<\/h2>\n<\/div><div class=\"cmsmasters_text\">\n<div><span style=\"font-size: 15px; font-weight: 300; color: #fff;\">ambulancia@zandentalcare.sk<\/span><\/div>\n<\/div>\n<\/div><\/div>\n<div id=\"cmsmasters_column_kstedvrxi8\" class=\"cmsmasters_column one_fourth\">\n<div class=\"cmsmasters_column_inner\"><div id=\"cmsmasters_heading_q1rcsa818l\" class=\"cmsmasters_heading_wrap cmsmasters_heading_align_left\">\n\t<h2 class=\"cmsmasters_heading\">Telef\u00f3n<\/h2>\n<\/div><div class=\"cmsmasters_text\">\n<div style=\"font-size: 15px; color: #fff;\">0911374340<\/div>\n<\/div>\n<\/div><\/div>\n<div id=\"cmsmasters_column_03zde6ab37\" class=\"cmsmasters_column one_fourth\">\n<div class=\"cmsmasters_column_inner\"><div id=\"cmsmasters_heading_1bzm9iksal\" class=\"cmsmasters_heading_wrap cmsmasters_heading_align_left\">\n\t<h2 class=\"cmsmasters_heading\">Kedy pracujeme ?<\/h2>\n<\/div><div class=\"cmsmasters_text\">\n<h3><span style=\"color: #fff; font-size: 15px; line-height: 20px; font-weight: 300;\">Pondelok: 7:30 &#8211; 12:30 || 13:00 &#8211; 16:00<\/span><\/h3>\n<h3><span style=\"color: #fff; font-size: 15px; line-height: 20px; font-weight: 300;\">Utorok: 7:30 &#8211; 12:30 || 13:00 &#8211; 16:00<\/span><\/h3>\n<h3><span style=\"color: #fff; font-size: 15px; line-height: 20px; font-weight: 300;\">Streda: 9:00 &#8211; 12:30 || 13:00 &#8211; 17:00<\/span><\/h3>\n<h3><span style=\"color: #fff; font-size: 15px; line-height: 20px; font-weight: 300;\">\u0160tvrtok: 7:30 &#8211; 12:30 || 13:00 &#8211; 16:00<\/span><\/h3>\n<h3><span style=\"color: #fff; font-size: 15px; line-height: 20px; font-weight: 300;\">Piatok: 7:30 &#8211; 12:00<\/span><\/h3>\n<\/div>\n<\/div><\/div>\n<div id=\"cmsmasters_column_vyg22uebo\" class=\"cmsmasters_column one_fourth\">\n<div class=\"cmsmasters_column_inner\"><div id=\"cmsmasters_heading_99rqrobmjk\" class=\"cmsmasters_heading_wrap cmsmasters_heading_align_left\">\n\t<h2 class=\"cmsmasters_heading\">Ako k n\u00e1m ?<\/h2>\n<\/div><div class=\"cmsmasters_text\">\n<h3 style=\"font-size: 15px; color: #fff;\">Ambulancia sa nach\u00e1dza v budove Nemocnice Modra n.o., pri vstupe z hlavn\u00e9ho vchodu odbo\u010d\u00edte do\u013eava, nach\u00e1dzame sa na pr\u00edzem\u00ed.<\/h3>\n<\/div>\n<\/div><\/div>\n<\/div>\n<\/div>\n<\/div>\n<\/div>\n<\/div>\n\n","protected":false},"excerpt":{"rendered":"","protected":false},"author":1,"featured_media":0,"parent":0,"menu_order":0,"comment_status":"closed","ping_status":"closed","template":"","meta":{"_monsterinsights_skip_tracking":false,"_monsterinsights_sitenote_active":false,"_monsterinsights_sitenote_note":"","_monsterinsights_sitenote_category":0,"footnotes":""},"class_list":["post-1033","page","type-page","status-publish","hentry"],"yoast_head":"<!-- This site is optimized with the Yoast SEO plugin v24.4 - https:\/\/yoast.com\/wordpress\/plugins\/seo\/ -->\n<title>Make appointments - Zandentalcare<\/title>\n<meta name=\"robots\" content=\"index, follow, max-snippet:-1, max-image-preview:large, max-video-preview:-1\" \/>\n<link rel=\"canonical\" href=\"https:\/\/www.zandentalcare.sk\/?page_id=1033\" \/>\n<meta property=\"og:locale\" content=\"sk_SK\" \/>\n<meta property=\"og:type\" content=\"article\" \/>\n<meta property=\"og:title\" content=\"Make appointments - Zandentalcare\" \/>\n<meta property=\"og:url\" content=\"https:\/\/www.zandentalcare.sk\/?page_id=1033\" \/>\n<meta property=\"og:site_name\" content=\"Zandentalcare\" \/>\n<meta property=\"article:modified_time\" content=\"2025-03-16T15:07:20+00:00\" \/>\n<meta name=\"twitter:card\" content=\"summary_large_image\" \/>\n<meta name=\"twitter:label1\" content=\"Predpokladan\u00fd \u010das \u010d\u00edtania\" \/>\n\t<meta name=\"twitter:data1\" content=\"2 min\u00faty\" \/>\n<script type=\"application\/ld+json\" class=\"yoast-schema-graph\">{\"@context\":\"https:\/\/schema.org\",\"@graph\":[{\"@type\":\"WebPage\",\"@id\":\"https:\/\/www.zandentalcare.sk\/?page_id=1033\",\"url\":\"https:\/\/www.zandentalcare.sk\/?page_id=1033\",\"name\":\"Make appointments - Zandentalcare\",\"isPartOf\":{\"@id\":\"https:\/\/www.zandentalcare.sk\/#website\"},\"datePublished\":\"2017-08-28T09:06:20+00:00\",\"dateModified\":\"2025-03-16T15:07:20+00:00\",\"breadcrumb\":{\"@id\":\"https:\/\/www.zandentalcare.sk\/?page_id=1033#breadcrumb\"},\"inLanguage\":\"sk-SK\",\"potentialAction\":[{\"@type\":\"ReadAction\",\"target\":[\"https:\/\/www.zandentalcare.sk\/?page_id=1033\"]}]},{\"@type\":\"BreadcrumbList\",\"@id\":\"https:\/\/www.zandentalcare.sk\/?page_id=1033#breadcrumb\",\"itemListElement\":[{\"@type\":\"ListItem\",\"position\":1,\"name\":\"Home\",\"item\":\"https:\/\/www.zandentalcare.sk\/\"},{\"@type\":\"ListItem\",\"position\":2,\"name\":\"Make appointments\"}]},{\"@type\":\"WebSite\",\"@id\":\"https:\/\/www.zandentalcare.sk\/#website\",\"url\":\"https:\/\/www.zandentalcare.sk\/\",\"name\":\"Zandentalcare\",\"description\":\"\",\"potentialAction\":[{\"@type\":\"SearchAction\",\"target\":{\"@type\":\"EntryPoint\",\"urlTemplate\":\"https:\/\/www.zandentalcare.sk\/?s={search_term_string}\"},\"query-input\":{\"@type\":\"PropertyValueSpecification\",\"valueRequired\":true,\"valueName\":\"search_term_string\"}}],\"inLanguage\":\"sk-SK\"}]}<\/script>\n<!-- \/ Yoast SEO plugin. -->","yoast_head_json":{"title":"Make appointments - Zandentalcare","robots":{"index":"index","follow":"follow","max-snippet":"max-snippet:-1","max-image-preview":"max-image-preview:large","max-video-preview":"max-video-preview:-1"},"canonical":"https:\/\/www.zandentalcare.sk\/?page_id=1033","og_locale":"sk_SK","og_type":"article","og_title":"Make appointments - Zandentalcare","og_url":"https:\/\/www.zandentalcare.sk\/?page_id=1033","og_site_name":"Zandentalcare","article_modified_time":"2025-03-16T15:07:20+00:00","twitter_card":"summary_large_image","twitter_misc":{"Predpokladan\u00fd \u010das \u010d\u00edtania":"2 min\u00faty"},"schema":{"@context":"https:\/\/schema.org","@graph":[{"@type":"WebPage","@id":"https:\/\/www.zandentalcare.sk\/?page_id=1033","url":"https:\/\/www.zandentalcare.sk\/?page_id=1033","name":"Make appointments - Zandentalcare","isPartOf":{"@id":"https:\/\/www.zandentalcare.sk\/#website"},"datePublished":"2017-08-28T09:06:20+00:00","dateModified":"2025-03-16T15:07:20+00:00","breadcrumb":{"@id":"https:\/\/www.zandentalcare.sk\/?page_id=1033#breadcrumb"},"inLanguage":"sk-SK","potentialAction":[{"@type":"ReadAction","target":["https:\/\/www.zandentalcare.sk\/?page_id=1033"]}]},{"@type":"BreadcrumbList","@id":"https:\/\/www.zandentalcare.sk\/?page_id=1033#breadcrumb","itemListElement":[{"@type":"ListItem","position":1,"name":"Home","item":"https:\/\/www.zandentalcare.sk\/"},{"@type":"ListItem","position":2,"name":"Make appointments"}]},{"@type":"WebSite","@id":"https:\/\/www.zandentalcare.sk\/#website","url":"https:\/\/www.zandentalcare.sk\/","name":"Zandentalcare","description":"","potentialAction":[{"@type":"SearchAction","target":{"@type":"EntryPoint","urlTemplate":"https:\/\/www.zandentalcare.sk\/?s={search_term_string}"},"query-input":{"@type":"PropertyValueSpecification","valueRequired":true,"valueName":"search_term_string"}}],"inLanguage":"sk-SK"}]}},"_links":{"self":[{"href":"https:\/\/www.zandentalcare.sk\/index.php?rest_route=\/wp\/v2\/pages\/1033","targetHints":{"allow":["GET"]}}],"collection":[{"href":"https:\/\/www.zandentalcare.sk\/index.php?rest_route=\/wp\/v2\/pages"}],"about":[{"href":"https:\/\/www.zandentalcare.sk\/index.php?rest_route=\/wp\/v2\/types\/page"}],"author":[{"embeddable":true,"href":"https:\/\/www.zandentalcare.sk\/index.php?rest_route=\/wp\/v2\/users\/1"}],"replies":[{"embeddable":true,"href":"https:\/\/www.zandentalcare.sk\/index.php?rest_route=%2Fwp%2Fv2%2Fcomments&post=1033"}],"version-history":[{"count":7,"href":"https:\/\/www.zandentalcare.sk\/index.php?rest_route=\/wp\/v2\/pages\/1033\/revisions"}],"predecessor-version":[{"id":2952,"href":"https:\/\/www.zandentalcare.sk\/index.php?rest_route=\/wp\/v2\/pages\/1033\/revisions\/2952"}],"wp:attachment":[{"href":"https:\/\/www.zandentalcare.sk\/index.php?rest_route=%2Fwp%2Fv2%2Fmedia&parent=1033"}],"curies":[{"name":"wp","href":"https:\/\/api.w.org\/{rel}","templated":true}]}}